{"id":956,"date":"2024-01-30T16:34:36","date_gmt":"2024-01-30T15:34:36","guid":{"rendered":"https:\/\/www.campinglesherlequins.fr\/?page_id=956"},"modified":"2026-01-26T09:24:07","modified_gmt":"2026-01-26T08:24:07","slug":"restauration","status":"publish","type":"page","link":"https:\/\/www.campinglesherlequins.fr\/index.php\/restauration\/","title":{"rendered":"Restauration"},"content":{"rendered":"\t\t<div data-elementor-type=\"wp-page\" data-elementor-id=\"956\" class=\"elementor elementor-956\" data-elementor-post-type=\"page\">\n\t\t\t\t\t\t\t<div class=\"elementor-element elementor-element-25b8a07 e-flex e-con-boxed e-con e-parent\" data-id=\"25b8a07\" data-element_type=\"container\" data-settings=\"{&quot;content_width&quot;:&quot;boxed&quot;}\" data-core-v316-plus=\"true\">\n\t\t\t\t\t<div class=\"e-con-inner\">\n\t\t\t\t<div class=\"elementor-element elementor-element-dcb45d6 elementor-widget elementor-widget-video\" data-id=\"dcb45d6\" data-element_type=\"widget\" data-settings=\"{&quot;video_type&quot;:&quot;hosted&quot;,&quot;controls&quot;:&quot;yes&quot;}\" data-widget_type=\"video.default\">\n\t\t\t\t<div class=\"elementor-widget-container\">\n\t\t\t<style>\/*! elementor - v3.18.0 - 08-12-2023 *\/\n.elementor-widget-video .elementor-widget-container{overflow:hidden;transform:translateZ(0)}.elementor-widget-video .elementor-wrapper{aspect-ratio:var(--video-aspect-ratio)}.elementor-widget-video .elementor-wrapper iframe,.elementor-widget-video .elementor-wrapper video{height:100%;width:100%;display:flex;border:none;background-color:#000}@supports not (aspect-ratio:1\/1){.elementor-widget-video .elementor-wrapper{position:relative;overflow:hidden;height:0;padding-bottom:calc(100% \/ var(--video-aspect-ratio))}.elementor-widget-video .elementor-wrapper iframe,.elementor-widget-video .elementor-wrapper video{position:absolute;top:0;right:0;bottom:0;left:0}}.elementor-widget-video .elementor-open-inline .elementor-custom-embed-image-overlay{position:absolute;top:0;right:0;bottom:0;left:0;background-size:cover;background-position:50%}.elementor-widget-video .elementor-custom-embed-image-overlay{cursor:pointer;text-align:center}.elementor-widget-video .elementor-custom-embed-image-overlay:hover .elementor-custom-embed-play i{opacity:1}.elementor-widget-video .elementor-custom-embed-image-overlay img{display:block;width:100%;aspect-ratio:var(--video-aspect-ratio);-o-object-fit:cover;object-fit:cover;-o-object-position:center center;object-position:center center}@supports not (aspect-ratio:1\/1){.elementor-widget-video .elementor-custom-embed-image-overlay{position:relative;overflow:hidden;height:0;padding-bottom:calc(100% \/ var(--video-aspect-ratio))}.elementor-widget-video .elementor-custom-embed-image-overlay img{position:absolute;top:0;right:0;bottom:0;left:0}}.elementor-widget-video .e-hosted-video .elementor-video{-o-object-fit:cover;object-fit:cover}.e-con-inner>.elementor-widget-video,.e-con>.elementor-widget-video{width:var(--container-widget-width);--flex-grow:var(--container-widget-flex-grow)}<\/style>\t\t<div class=\"e-hosted-video elementor-wrapper elementor-open-inline\">\n\t\t\t\t\t<video class=\"elementor-video\" src=\"http:\/\/www.campinglesherlequins.fr\/wp-content\/uploads\/2026\/01\/IMG_51911.mp4\" controls=\"\" preload=\"metadata\" controlsList=\"nodownload\"><\/video>\n\t\t\t\t<\/div>\n\t\t\t\t<\/div>\n\t\t\t\t<\/div>\n\t\t\t\t\t<\/div>\n\t\t\t\t<\/div>\n\t\t<div class=\"elementor-element elementor-element-21a31e5 e-flex e-con-boxed e-con e-parent\" data-id=\"21a31e5\" data-element_type=\"container\" data-settings=\"{&quot;content_width&quot;:&quot;boxed&quot;}\" data-core-v316-plus=\"true\">\n\t\t\t\t\t<div class=\"e-con-inner\">\n\t\t\t\t<div class=\"elementor-element elementor-element-96f0c3b elementor-widget elementor-widget-image\" data-id=\"96f0c3b\" data-element_type=\"widget\" data-widget_type=\"image.default\">\n\t\t\t\t<div class=\"elementor-widget-container\">\n\t\t\t<style>\/*! elementor - v3.18.0 - 08-12-2023 *\/\n.elementor-widget-image{text-align:center}.elementor-widget-image a{display:inline-block}.elementor-widget-image a img[src$=\".svg\"]{width:48px}.elementor-widget-image img{vertical-align:middle;display:inline-block}<\/style>\t\t\t\t\t\t\t\t\t\t\t\t<img decoding=\"async\" src=\"http:\/\/www.campinglesherlequins.fr\/wp-content\/uploads\/2026\/01\/IMG_51911.mp4\" title=\"\" alt=\"\" loading=\"lazy\" \/>\t\t\t\t\t\t\t\t\t\t\t\t\t\t\t<\/div>\n\t\t\t\t<\/div>\n\t\t\t\t\t<\/div>\n\t\t\t\t<\/div>\n\t\t<div class=\"elementor-element elementor-element-0d98eac e-flex e-con-boxed e-con e-parent\" data-id=\"0d98eac\" data-element_type=\"container\" data-settings=\"{&quot;content_width&quot;:&quot;boxed&quot;}\" data-core-v316-plus=\"true\">\n\t\t\t\t\t<div class=\"e-con-inner\">\n\t\t\t\t<div class=\"elementor-element elementor-element-af8bf1a elementor-widget elementor-widget-stratum-table\" data-id=\"af8bf1a\" data-element_type=\"widget\" data-widget_type=\"stratum-table.default\">\n\t\t\t\t<div class=\"elementor-widget-container\">\n\t\t\t<div class=\"stratum-table\">\r\n\t<table class=\"stratum-table__table\">\r\n\t\t<thead>\r\n\t\t\t<tr>\r\n\t\t\t\t\t\t\t\t<th colspan=\"0\" >\r\n\t\t\t\t\t\t<div class=\"stratum-table__header-cell align-content-center\">\r\n\r\n\t\t\t\t\t\t\t<span class=\"stratum-table__cell-title has-media-left\" >\r\n\r\n\t\t\t\t\t\t\tENTR\u00c9ES \t\t\t\t\t\t\t<\/span>\r\n\t\t\t\t\t\t<\/div>\r\n\t\t\t\t\t<\/th>\t\t\t<\/tr>\r\n\t\t<\/thead>\r\n\r\n\t\t<tbody>\r\n\t\t\t\t\t\t\t<tr>\r\n\t\t\t\t\t\t\t\t\t\t\t<td  colspan=\"\">\t\t\t\t\t\t\t\t<div class=\"stratum-table__body-cell align-content-center\">\r\n\t\t\t\t\t\t\t\t\t\t\t\t\t\t\t\t\t\t\t<span class=\"stratum-table__cell-title has-media-left\" >\r\n\r\n\t\t\t\t\t\t\t\t\t\t\tFritures ou Tapas 2 ou 4 Personnes avec une sauce aioli maison\t\t\t\t\t\t\t\t\t\t<\/span>\r\n\t\t\t\t\t\t\t\t\t\t\t\t\t\t\t\t\t<\/div>\r\n\t\t\t\t\t\t\t<\/td>\t\t\t\t<\/tr>\t\t\t\t<tr>\r\n\t\t\t\t\t\t\t\t<\/tr>\t\t\t\t<tr>\r\n\t\t\t\t\t\t\t\t\t\t\t<td  colspan=\"\">\t\t\t\t\t\t\t\t<div class=\"stratum-table__body-cell align-content-center\">\r\n\t\t\t\t\t\t\t\t\t\t\t\t\t\t\t\t\t\t\t<span class=\"stratum-table__cell-title has-media-left\" >\r\n\r\n\t\t\t\t\t\t\t\t\t\t\tSalade Foie de Volaille avec lardons et oignons\t\t\t\t\t\t\t\t\t\t<\/span>\r\n\t\t\t\t\t\t\t\t\t\t\t\t\t\t\t\t\t<\/div>\r\n\t\t\t\t\t\t\t<\/td>\t\t\t\t<\/tr>\t\t\t\t<tr>\r\n\t\t\t\t\t\t\t\t\t\t\t<td  colspan=\"\">\t\t\t\t\t\t\t\t<div class=\"stratum-table__body-cell align-content-center\">\r\n\t\t\t\t\t\t\t\t\t\t\t\t\t\t\t\t\t\t\t<span class=\"stratum-table__cell-title has-media-left\" >\r\n\r\n\t\t\t\t\t\t\t\t\t\t\tOeufs poch\u00e9s \u00e0 la meurrette ou \u00e0 l&#039;\u00e9poisses\t\t\t\t\t\t\t\t\t\t<\/span>\r\n\t\t\t\t\t\t\t\t\t\t\t\t\t\t\t\t\t<\/div>\r\n\t\t\t\t\t\t\t<\/td>\t\t\t\t<\/tr>\t\t\t\t<tr>\r\n\t\t\t\t\t\t\t\t\t\t\t<td  colspan=\"\">\t\t\t\t\t\t\t\t<div class=\"stratum-table__body-cell align-content-center\">\r\n\t\t\t\t\t\t\t\t\t\t\t\t\t\t\t\t\t\t\t<span class=\"stratum-table__cell-title has-media-left\" >\r\n\r\n\t\t\t\t\t\t\t\t\t\t\tEscargots 6 ou 12 portions\t\t\t\t\t\t\t\t\t\t<\/span>\r\n\t\t\t\t\t\t\t\t\t\t\t\t\t\t\t\t\t<\/div>\r\n\t\t\t\t\t\t\t<\/td>\t\t\t\t<\/tr>\t\t\t\t<tr>\r\n\t\t\t\t\t\t\t\t\t\t\t<td  colspan=\"\">\t\t\t\t\t\t\t\t<div class=\"stratum-table__body-cell align-content-center\">\r\n\t\t\t\t\t\t\t\t\t\t\t\t\t\t\t\t\t\t\t<span class=\"stratum-table__cell-title has-media-left\" >\r\n\r\n\t\t\t\t\t\t\t\t\t\t\tFoie gras de canard maison et son chutney \u00e0 16\u20ac90\t\t\t\t\t\t\t\t\t\t<\/span>\r\n\t\t\t\t\t\t\t\t\t\t\t\t\t\t\t\t\t<\/div>\r\n\t\t\t\t\t\t\t<\/td>\t\t\t\t<\/tr>\r\n\t\t<\/tbody>\r\n\t<\/table>\r\n<\/div>\r\n\t\t<\/div>\n\t\t\t\t<\/div>\n\t\t\t\t\t<\/div>\n\t\t\t\t<\/div>\n\t\t<div class=\"elementor-element elementor-element-b03e638 e-flex e-con-boxed e-con e-parent\" data-id=\"b03e638\" data-element_type=\"container\" data-settings=\"{&quot;content_width&quot;:&quot;boxed&quot;}\" data-core-v316-plus=\"true\">\n\t\t\t\t\t<div class=\"e-con-inner\">\n\t\t\t\t<div class=\"elementor-element elementor-element-661b88a elementor-widget elementor-widget-stratum-table\" data-id=\"661b88a\" data-element_type=\"widget\" data-widget_type=\"stratum-table.default\">\n\t\t\t\t<div class=\"elementor-widget-container\">\n\t\t\t<div class=\"stratum-table\">\r\n\t<table class=\"stratum-table__table\">\r\n\t\t<thead>\r\n\t\t\t<tr>\r\n\t\t\t\t\t\t\t\t<th colspan=\"\" >\r\n\t\t\t\t\t\t<div class=\"stratum-table__header-cell align-content-center\">\r\n\r\n\t\t\t\t\t\t\t<span class=\"stratum-table__cell-title has-media-left\" >\r\n\r\n\t\t\t\t\t\t\tPOISSONS\t\t\t\t\t\t\t<\/span>\r\n\t\t\t\t\t\t<\/div>\r\n\t\t\t\t\t<\/th>\t\t\t<\/tr>\r\n\t\t<\/thead>\r\n\r\n\t\t<tbody>\r\n\t\t\t\t\t\t\t<tr>\r\n\t\t\t\t\t\t\t\t<\/tr>\t\t\t\t<tr>\r\n\t\t\t\t\t\t\t\t\t\t\t<td  colspan=\"\">\t\t\t\t\t\t\t\t<div class=\"stratum-table__body-cell align-content-center\">\r\n\t\t\t\t\t\t\t\t\t\t\t\t\t\t\t\t\t\t\t<span class=\"stratum-table__cell-title has-media-left\" >\r\n\r\n\t\t\t\t\t\t\t\t\t\t\tFish and Chips   15\u20ac90\t\t\t\t\t\t\t\t\t\t<\/span>\r\n\t\t\t\t\t\t\t\t\t\t\t\t\t\t\t\t\t<\/div>\r\n\t\t\t\t\t\t\t<\/td>\t\t\t\t<\/tr>\t\t\t\t<tr>\r\n\t\t\t\t\t\t\t\t\t\t\t<td  colspan=\"\">\t\t\t\t\t\t\t\t<div class=\"stratum-table__body-cell align-content-center\">\r\n\t\t\t\t\t\t\t\t\t\t\t\t\t\t\t\t\t\t\t<span class=\"stratum-table__cell-title has-media-left\" >\r\n\r\n\t\t\t\t\t\t\t\t\t\t\tGrenouilles 8 portions \u00e0 la persillade ou \u00e0 la cr\u00e8me   17\u20ac90\t\t\t\t\t\t\t\t\t\t<\/span>\r\n\t\t\t\t\t\t\t\t\t\t\t\t\t\t\t\t\t<\/div>\r\n\t\t\t\t\t\t\t<\/td>\t\t\t\t<\/tr>\t\t\t\t<tr>\r\n\t\t\t\t\t\t\t\t\t\t\t<td  colspan=\"\">\t\t\t\t\t\t\t\t<div class=\"stratum-table__body-cell align-content-center\">\r\n\t\t\t\t\t\t\t\t\t\t\t\t\t\t\t\t\t\t\t<span class=\"stratum-table__cell-title has-media-left\" >\r\n\r\n\t\t\t\t\t\t\t\t\t\t\tFriture de Joel&#039;s avec des frites et de la salade 14\u20ac90\t\t\t\t\t\t\t\t\t\t<\/span>\r\n\t\t\t\t\t\t\t\t\t\t\t\t\t\t\t\t\t<\/div>\r\n\t\t\t\t\t\t\t<\/td>\t\t\t\t<\/tr>\r\n\t\t<\/tbody>\r\n\t<\/table>\r\n<\/div>\r\n\t\t<\/div>\n\t\t\t\t<\/div>\n\t\t\t\t\t<\/div>\n\t\t\t\t<\/div>\n\t\t<div class=\"elementor-element elementor-element-c950bba e-con-full e-flex e-con e-parent\" data-id=\"c950bba\" data-element_type=\"container\" data-settings=\"{&quot;content_width&quot;:&quot;full&quot;}\" data-core-v316-plus=\"true\">\n\t\t\t\t<div class=\"elementor-element elementor-element-4c49bf9 elementor-widget elementor-widget-stratum-table\" data-id=\"4c49bf9\" data-element_type=\"widget\" data-widget_type=\"stratum-table.default\">\n\t\t\t\t<div class=\"elementor-widget-container\">\n\t\t\t<div class=\"stratum-table\">\r\n\t<table class=\"stratum-table__table\">\r\n\t\t<thead>\r\n\t\t\t<tr>\r\n\t\t\t\t\t\t\t\t<th colspan=\"\" >\r\n\t\t\t\t\t\t<div class=\"stratum-table__header-cell align-content-center\">\r\n\r\n\t\t\t\t\t\t\t<span class=\"stratum-table__cell-title has-media-left\" >\r\n\r\n\t\t\t\t\t\t\tVIANDES\t\t\t\t\t\t\t<\/span>\r\n\t\t\t\t\t\t<\/div>\r\n\t\t\t\t\t<\/th>\t\t\t<\/tr>\r\n\t\t<\/thead>\r\n\r\n\t\t<tbody>\r\n\t\t\t\t\t\t\t<tr>\r\n\t\t\t\t\t\t\t\t\t\t\t<td  colspan=\"\">\t\t\t\t\t\t\t\t<div class=\"stratum-table__body-cell align-content-center\">\r\n\t\t\t\t\t\t\t\t\t\t\t\t\t\t\t\t\t\t\t<span class=\"stratum-table__cell-title has-media-left\" >\r\n\r\n\t\t\t\t\t\t\t\t\t\t\tBourguignon de joue de boeuf 18\u20ac90\t\t\t\t\t\t\t\t\t\t<\/span>\r\n\t\t\t\t\t\t\t\t\t\t\t\t\t\t\t\t\t<\/div>\r\n\t\t\t\t\t\t\t<\/td>\t\t\t\t<\/tr>\t\t\t\t<tr>\r\n\t\t\t\t\t\t\t\t<\/tr>\t\t\t\t<tr>\r\n\t\t\t\t\t\t\t\t\t\t\t<td  colspan=\"\">\t\t\t\t\t\t\t\t<div class=\"stratum-table__body-cell align-content-center\">\r\n\t\t\t\t\t\t\t\t\t\t\t\t\t\t\t\t\t\t\t<span class=\"stratum-table__cell-title has-media-left\" >\r\n\r\n\t\t\t\t\t\t\t\t\t\t\tCamembert entier au four avec charcuterie, pomme de terre et salade 16\u20ac90\t\t\t\t\t\t\t\t\t\t<\/span>\r\n\t\t\t\t\t\t\t\t\t\t\t\t\t\t\t\t\t<\/div>\r\n\t\t\t\t\t\t\t<\/td>\t\t\t\t<\/tr>\t\t\t\t<tr>\r\n\t\t\t\t\t\t\t\t\t\t\t<td  colspan=\"\">\t\t\t\t\t\t\t\t<div class=\"stratum-table__body-cell align-content-center\">\r\n\t\t\t\t\t\t\t\t\t\t\t\t\t\t\t\t\t\t\t<span class=\"stratum-table__cell-title has-media-left\" >\r\n\r\n\t\t\t\t\t\t\t\t\t\t\tBrochette de boeuf 150Gr 17\u20ac90\t\t\t\t\t\t\t\t\t\t<\/span>\r\n\t\t\t\t\t\t\t\t\t\t\t\t\t\t\t\t\t<\/div>\r\n\t\t\t\t\t\t\t<\/td>\t\t\t\t<\/tr>\t\t\t\t<tr>\r\n\t\t\t\t\t\t\t\t\t\t\t<td  colspan=\"\">\t\t\t\t\t\t\t\t<div class=\"stratum-table__body-cell align-content-center\">\r\n\t\t\t\t\t\t\t\t\t\t\t\t\t\t\t\t\t\t\t<span class=\"stratum-table__cell-title has-media-left\" >\r\n\r\n\t\t\t\t\t\t\t\t\t\t\tHamburger du moment + frites 14\u20ac90\t\t\t\t\t\t\t\t\t\t<\/span>\r\n\t\t\t\t\t\t\t\t\t\t\t\t\t\t\t\t\t<\/div>\r\n\t\t\t\t\t\t\t<\/td>\t\t\t\t<\/tr>\r\n\t\t<\/tbody>\r\n\t<\/table>\r\n<\/div>\r\n\t\t<\/div>\n\t\t\t\t<\/div>\n\t\t\t\t<\/div>\n\t\t<div class=\"elementor-element elementor-element-9692877 e-flex e-con-boxed e-con e-parent\" data-id=\"9692877\" data-element_type=\"container\" data-settings=\"{&quot;content_width&quot;:&quot;boxed&quot;}\" data-core-v316-plus=\"true\">\n\t\t\t\t\t<div class=\"e-con-inner\">\n\t\t\t\t<div class=\"elementor-element elementor-element-7de2c76 elementor-widget elementor-widget-stratum-table\" data-id=\"7de2c76\" data-element_type=\"widget\" data-widget_type=\"stratum-table.default\">\n\t\t\t\t<div class=\"elementor-widget-container\">\n\t\t\t<div class=\"stratum-table\">\r\n\t<table class=\"stratum-table__table\">\r\n\t\t<thead>\r\n\t\t\t<tr>\r\n\t\t\t\t\t\t\t\t<th colspan=\"\" >\r\n\t\t\t\t\t\t<div class=\"stratum-table__header-cell align-content-center\">\r\n\r\n\t\t\t\t\t\t\t<span class=\"stratum-table__cell-title has-media-left\" >\r\n\r\n\t\t\t\t\t\t\tFROMAGES\t\t\t\t\t\t\t<\/span>\r\n\t\t\t\t\t\t<\/div>\r\n\t\t\t\t\t<\/th>\t\t\t<\/tr>\r\n\t\t<\/thead>\r\n\r\n\t\t<tbody>\r\n\t\t\t\t\t\t\t<tr>\r\n\t\t\t\t\t\t\t\t\t\t\t<td  colspan=\"\">\t\t\t\t\t\t\t\t<div class=\"stratum-table__body-cell align-content-center\">\r\n\t\t\t\t\t\t\t\t\t\t\t\t\t\t\t\t\t\t\t<span class=\"stratum-table__cell-title has-media-left\" >\r\n\r\n\t\t\t\t\t\t\t\t\t\t\tAssortiments de Fromages  5\u20ac90\t\t\t\t\t\t\t\t\t\t<\/span>\r\n\t\t\t\t\t\t\t\t\t\t\t\t\t\t\t\t\t<\/div>\r\n\t\t\t\t\t\t\t<\/td>\t\t\t\t<\/tr>\t\t\t\t<tr>\r\n\t\t\t\t\t\t\t\t\t\t\t<td  colspan=\"\">\t\t\t\t\t\t\t\t<div class=\"stratum-table__body-cell align-content-center\">\r\n\t\t\t\t\t\t\t\t\t\t\t\t\t\t\t\t\t\t\t<span class=\"stratum-table__cell-title has-media-left\" >\r\n\r\n\t\t\t\t\t\t\t\t\t\t\tFaisselle avec au choix des herbes, du sucre ou du coulis 5\u20ac90\t\t\t\t\t\t\t\t\t\t<\/span>\r\n\t\t\t\t\t\t\t\t\t\t\t\t\t\t\t\t\t<\/div>\r\n\t\t\t\t\t\t\t<\/td>\t\t\t\t<\/tr>\r\n\t\t<\/tbody>\r\n\t<\/table>\r\n<\/div>\r\n\t\t<\/div>\n\t\t\t\t<\/div>\n\t\t\t\t\t<\/div>\n\t\t\t\t<\/div>\n\t\t<div class=\"elementor-element elementor-element-19b5d1f e-flex e-con-boxed e-con e-parent\" data-id=\"19b5d1f\" data-element_type=\"container\" data-settings=\"{&quot;content_width&quot;:&quot;boxed&quot;}\" data-core-v316-plus=\"true\">\n\t\t\t\t\t<div class=\"e-con-inner\">\n\t\t\t\t<div class=\"elementor-element elementor-element-71f58d8 elementor-widget elementor-widget-stratum-table\" data-id=\"71f58d8\" data-element_type=\"widget\" data-widget_type=\"stratum-table.default\">\n\t\t\t\t<div class=\"elementor-widget-container\">\n\t\t\t<div class=\"stratum-table\">\r\n\t<table class=\"stratum-table__table\">\r\n\t\t<thead>\r\n\t\t\t<tr>\r\n\t\t\t\t\t\t\t\t<th colspan=\"\" >\r\n\t\t\t\t\t\t<div class=\"stratum-table__header-cell align-content-center\">\r\n\r\n\t\t\t\t\t\t\t<span class=\"stratum-table__cell-title has-media-left\" >\r\n\r\n\t\t\t\t\t\t\tDESSERTS\t\t\t\t\t\t\t<\/span>\r\n\t\t\t\t\t\t<\/div>\r\n\t\t\t\t\t<\/th>\t\t\t\t\t<th colspan=\"\" >\r\n\t\t\t\t\t\t<div class=\"stratum-table__header-cell align-content-center\">\r\n\r\n\t\t\t\t\t\t\t<span class=\"stratum-table__cell-title has-media-left\" >\r\n\r\n\t\t\t\t\t\t\tPrix\t\t\t\t\t\t\t<\/span>\r\n\t\t\t\t\t\t<\/div>\r\n\t\t\t\t\t<\/th>\t\t\t<\/tr>\r\n\t\t<\/thead>\r\n\r\n\t\t<tbody>\r\n\t\t\t\t\t\t\t<tr>\r\n\t\t\t\t\t\t\t\t<\/tr>\t\t\t\t<tr>\r\n\t\t\t\t\t\t\t\t<\/tr>\t\t\t\t<tr>\r\n\t\t\t\t\t\t\t\t\t\t\t<td  colspan=\"\">\t\t\t\t\t\t\t\t<div class=\"stratum-table__body-cell align-content-center\">\r\n\t\t\t\t\t\t\t\t\t\t\t\t\t\t\t\t\t\t\t<span class=\"stratum-table__cell-title has-media-left\" >\r\n\r\n\t\t\t\t\t\t\t\t\t\t\tMoelleux au chocolat\t\t\t\t\t\t\t\t\t\t<\/span>\r\n\t\t\t\t\t\t\t\t\t\t\t\t\t\t\t\t\t<\/div>\r\n\t\t\t\t\t\t\t<\/td>\t\t\t\t\t\t\t<td  colspan=\"\">\t\t\t\t\t\t\t\t<div class=\"stratum-table__body-cell align-content-center\">\r\n\t\t\t\t\t\t\t\t\t\t\t\t\t\t\t\t\t\t\t<span class=\"stratum-table__cell-title has-media-left\" >\r\n\r\n\t\t\t\t\t\t\t\t\t\t\t5.90\t\t\t\t\t\t\t\t\t\t<\/span>\r\n\t\t\t\t\t\t\t\t\t\t\t\t\t\t\t\t\t<\/div>\r\n\t\t\t\t\t\t\t<\/td>\t\t\t\t<\/tr>\t\t\t\t<tr>\r\n\t\t\t\t\t\t\t\t<\/tr>\t\t\t\t<tr>\r\n\t\t\t\t\t\t\t\t\t\t\t<td  colspan=\"\">\t\t\t\t\t\t\t\t<div class=\"stratum-table__body-cell align-content-center\">\r\n\t\t\t\t\t\t\t\t\t\t\t\t\t\t\t\t\t\t\t<span class=\"stratum-table__cell-title has-media-left\" >\r\n\r\n\t\t\t\t\t\t\t\t\t\t\t\u00cele flottante\t\t\t\t\t\t\t\t\t\t<\/span>\r\n\t\t\t\t\t\t\t\t\t\t\t\t\t\t\t\t\t<\/div>\r\n\t\t\t\t\t\t\t<\/td>\t\t\t\t\t\t\t<td  colspan=\"\">\t\t\t\t\t\t\t\t<div class=\"stratum-table__body-cell align-content-center\">\r\n\t\t\t\t\t\t\t\t\t\t\t\t\t\t\t\t\t\t\t<span class=\"stratum-table__cell-title has-media-left\" >\r\n\r\n\t\t\t\t\t\t\t\t\t\t\t5.90\t\t\t\t\t\t\t\t\t\t<\/span>\r\n\t\t\t\t\t\t\t\t\t\t\t\t\t\t\t\t\t<\/div>\r\n\t\t\t\t\t\t\t<\/td>\t\t\t\t<\/tr>\t\t\t\t<tr>\r\n\t\t\t\t\t\t\t\t\t\t\t<td  colspan=\"\">\t\t\t\t\t\t\t\t<div class=\"stratum-table__body-cell align-content-center\">\r\n\t\t\t\t\t\t\t\t\t\t\t\t\t\t\t\t\t\t\t<span class=\"stratum-table__cell-title has-media-left\" >\r\n\r\n\t\t\t\t\t\t\t\t\t\t\tCr\u00e8me brul\u00e9e\t\t\t\t\t\t\t\t\t\t<\/span>\r\n\t\t\t\t\t\t\t\t\t\t\t\t\t\t\t\t\t<\/div>\r\n\t\t\t\t\t\t\t<\/td>\t\t\t\t\t\t\t<td  colspan=\"\">\t\t\t\t\t\t\t\t<div class=\"stratum-table__body-cell align-content-center\">\r\n\t\t\t\t\t\t\t\t\t\t\t\t\t\t\t\t\t\t\t<span class=\"stratum-table__cell-title has-media-left\" >\r\n\r\n\t\t\t\t\t\t\t\t\t\t\t5.90\t\t\t\t\t\t\t\t\t\t<\/span>\r\n\t\t\t\t\t\t\t\t\t\t\t\t\t\t\t\t\t<\/div>\r\n\t\t\t\t\t\t\t<\/td>\t\t\t\t<\/tr>\t\t\t\t<tr>\r\n\t\t\t\t\t\t\t\t\t\t\t<td  colspan=\"\">\t\t\t\t\t\t\t\t<div class=\"stratum-table__body-cell align-content-center\">\r\n\t\t\t\t\t\t\t\t\t\t\t\t\t\t\t\t\t\t\t<span class=\"stratum-table__cell-title has-media-left\" >\r\n\r\n\t\t\t\t\t\t\t\t\t\t\tGaufre\t\t\t\t\t\t\t\t\t\t<\/span>\r\n\t\t\t\t\t\t\t\t\t\t\t\t\t\t\t\t\t<\/div>\r\n\t\t\t\t\t\t\t<\/td>\t\t\t\t\t\t\t<td  colspan=\"\">\t\t\t\t\t\t\t\t<div class=\"stratum-table__body-cell align-content-center\">\r\n\t\t\t\t\t\t\t\t\t\t\t\t\t\t\t\t\t\t\t<span class=\"stratum-table__cell-title has-media-left\" >\r\n\r\n\t\t\t\t\t\t\t\t\t\t\t5.90\t\t\t\t\t\t\t\t\t\t<\/span>\r\n\t\t\t\t\t\t\t\t\t\t\t\t\t\t\t\t\t<\/div>\r\n\t\t\t\t\t\t\t<\/td>\t\t\t\t<\/tr>\r\n\t\t<\/tbody>\r\n\t<\/table>\r\n<\/div>\r\n\t\t<\/div>\n\t\t\t\t<\/div>\n\t\t\t\t\t<\/div>\n\t\t\t\t<\/div>\n\t\t<div class=\"elementor-element elementor-element-bc61543 e-flex e-con-boxed e-con e-parent\" data-id=\"bc61543\" data-element_type=\"container\" data-settings=\"{&quot;content_width&quot;:&quot;boxed&quot;}\" data-core-v316-plus=\"true\">\n\t\t\t\t\t<div class=\"e-con-inner\">\n\t\t\t\t<div class=\"elementor-element elementor-element-fe5dd37 elementor-widget elementor-widget-stratum-table\" data-id=\"fe5dd37\" data-element_type=\"widget\" data-widget_type=\"stratum-table.default\">\n\t\t\t\t<div class=\"elementor-widget-container\">\n\t\t\t<div class=\"stratum-table\">\r\n\t<table class=\"stratum-table__table\">\r\n\t\t<thead>\r\n\t\t\t<tr>\r\n\t\t\t\t\t\t\t\t<th colspan=\"\" >\r\n\t\t\t\t\t\t<div class=\"stratum-table__header-cell align-content-center\">\r\n\r\n\t\t\t\t\t\t\t<span class=\"stratum-table__cell-title has-media-left\" >\r\n\r\n\t\t\t\t\t\t\tGLACES\t\t\t\t\t\t\t<\/span>\r\n\t\t\t\t\t\t<\/div>\r\n\t\t\t\t\t<\/th>\t\t\t\t\t<th colspan=\"\" >\r\n\t\t\t\t\t\t<div class=\"stratum-table__header-cell align-content-center\">\r\n\r\n\t\t\t\t\t\t\t<span class=\"stratum-table__cell-title has-media-left\" >\r\n\r\n\t\t\t\t\t\t\tPrix\t\t\t\t\t\t\t<\/span>\r\n\t\t\t\t\t\t<\/div>\r\n\t\t\t\t\t<\/th>\t\t\t<\/tr>\r\n\t\t<\/thead>\r\n\r\n\t\t<tbody>\r\n\t\t\t\t\t\t\t<tr>\r\n\t\t\t\t\t\t\t\t\t\t\t<td  colspan=\"\">\t\t\t\t\t\t\t\t<div class=\"stratum-table__body-cell align-content-center\">\r\n\t\t\t\t\t\t\t\t\t\t\t\t\t\t\t\t\t\t\t<span class=\"stratum-table__cell-title has-media-left\" >\r\n\r\n\t\t\t\t\t\t\t\t\t\t\t1 boule\t\t\t\t\t\t\t\t\t\t<\/span>\r\n\t\t\t\t\t\t\t\t\t\t\t\t\t\t\t\t\t<\/div>\r\n\t\t\t\t\t\t\t<\/td>\t\t\t\t\t\t\t<td  colspan=\"\">\t\t\t\t\t\t\t\t<div class=\"stratum-table__body-cell align-content-center\">\r\n\t\t\t\t\t\t\t\t\t\t\t\t\t\t\t\t\t\t\t<span class=\"stratum-table__cell-title has-media-left\" >\r\n\r\n\t\t\t\t\t\t\t\t\t\t\t3.00\t\t\t\t\t\t\t\t\t\t<\/span>\r\n\t\t\t\t\t\t\t\t\t\t\t\t\t\t\t\t\t<\/div>\r\n\t\t\t\t\t\t\t<\/td>\t\t\t\t<\/tr>\t\t\t\t<tr>\r\n\t\t\t\t\t\t\t\t\t\t\t<td  colspan=\"\">\t\t\t\t\t\t\t\t<div class=\"stratum-table__body-cell align-content-center\">\r\n\t\t\t\t\t\t\t\t\t\t\t\t\t\t\t\t\t\t\t<span class=\"stratum-table__cell-title has-media-left\" >\r\n\r\n\t\t\t\t\t\t\t\t\t\t\t2 boules\t\t\t\t\t\t\t\t\t\t<\/span>\r\n\t\t\t\t\t\t\t\t\t\t\t\t\t\t\t\t\t<\/div>\r\n\t\t\t\t\t\t\t<\/td>\t\t\t\t\t\t\t<td  colspan=\"\">\t\t\t\t\t\t\t\t<div class=\"stratum-table__body-cell align-content-center\">\r\n\t\t\t\t\t\t\t\t\t\t\t\t\t\t\t\t\t\t\t<span class=\"stratum-table__cell-title has-media-left\" >\r\n\r\n\t\t\t\t\t\t\t\t\t\t\t4.50\t\t\t\t\t\t\t\t\t\t<\/span>\r\n\t\t\t\t\t\t\t\t\t\t\t\t\t\t\t\t\t<\/div>\r\n\t\t\t\t\t\t\t<\/td>\t\t\t\t<\/tr>\t\t\t\t<tr>\r\n\t\t\t\t\t\t\t\t\t\t\t<td  colspan=\"\">\t\t\t\t\t\t\t\t<div class=\"stratum-table__body-cell align-content-center\">\r\n\t\t\t\t\t\t\t\t\t\t\t\t\t\t\t\t\t\t\t<span class=\"stratum-table__cell-title has-media-left\" >\r\n\r\n\t\t\t\t\t\t\t\t\t\t\t3 boules\t\t\t\t\t\t\t\t\t\t<\/span>\r\n\t\t\t\t\t\t\t\t\t\t\t\t\t\t\t\t\t<\/div>\r\n\t\t\t\t\t\t\t<\/td>\t\t\t\t\t\t\t<td  colspan=\"\">\t\t\t\t\t\t\t\t<div class=\"stratum-table__body-cell align-content-center\">\r\n\t\t\t\t\t\t\t\t\t\t\t\t\t\t\t\t\t\t\t<span class=\"stratum-table__cell-title has-media-left\" >\r\n\r\n\t\t\t\t\t\t\t\t\t\t\t7.00\t\t\t\t\t\t\t\t\t\t<\/span>\r\n\t\t\t\t\t\t\t\t\t\t\t\t\t\t\t\t\t<\/div>\r\n\t\t\t\t\t\t\t<\/td>\t\t\t\t<\/tr>\r\n\t\t<\/tbody>\r\n\t<\/table>\r\n<\/div>\r\n\t\t<\/div>\n\t\t\t\t<\/div>\n\t\t\t\t\t<\/div>\n\t\t\t\t<\/div>\n\t\t\t\t\t\t\t<\/div>\n\t\t","protected":false},"excerpt":{"rendered":"<p>http:\/\/www.campinglesherlequins.fr\/wp-content\/uploads\/2026\/01\/IMG_51911.mp4 ENTR\u00c9ES Fritures ou Tapas 2 ou 4 Personnes avec une sauce aioli maison Salade Foie de Volaille avec lardons et oignons Oeufs poch\u00e9s \u00e0 la meurrette ou \u00e0 l&#039;\u00e9poisses Escargots 6 ou 12 portions Foie gras de canard maison et son chutney \u00e0 16\u20ac90 POISSONS Fish and Chips 15\u20ac90 Grenouilles 8 portions \u00e0 la [&hellip;]<\/p>\n","protected":false},"author":1,"featured_media":1282,"parent":0,"menu_order":0,"comment_status":"closed","ping_status":"closed","template":"","meta":{"inline_featured_image":false,"footnotes":""},"class_list":["post-956","page","type-page","status-publish","has-post-thumbnail","hentry"],"_links":{"self":[{"href":"https:\/\/www.campinglesherlequins.fr\/index.php\/wp-json\/wp\/v2\/pages\/956","targetHints":{"allow":["GET"]}}],"collection":[{"href":"https:\/\/www.campinglesherlequins.fr\/index.php\/wp-json\/wp\/v2\/pages"}],"about":[{"href":"https:\/\/www.campinglesherlequins.fr\/index.php\/wp-json\/wp\/v2\/types\/page"}],"author":[{"embeddable":true,"href":"https:\/\/www.campinglesherlequins.fr\/index.php\/wp-json\/wp\/v2\/users\/1"}],"replies":[{"embeddable":true,"href":"https:\/\/www.campinglesherlequins.fr\/index.php\/wp-json\/wp\/v2\/comments?post=956"}],"version-history":[{"count":118,"href":"https:\/\/www.campinglesherlequins.fr\/index.php\/wp-json\/wp\/v2\/pages\/956\/revisions"}],"predecessor-version":[{"id":1301,"href":"https:\/\/www.campinglesherlequins.fr\/index.php\/wp-json\/wp\/v2\/pages\/956\/revisions\/1301"}],"wp:featuredmedia":[{"embeddable":true,"href":"https:\/\/www.campinglesherlequins.fr\/index.php\/wp-json\/wp\/v2\/media\/1282"}],"wp:attachment":[{"href":"https:\/\/www.campinglesherlequins.fr\/index.php\/wp-json\/wp\/v2\/media?parent=956"}],"curies":[{"name":"wp","href":"https:\/\/api.w.org\/{rel}","templated":true}]}}